{"id":6,"date":"2015-10-21T21:34:03","date_gmt":"2015-10-21T21:34:03","guid":{"rendered":"https:\/\/avocatul-meu.ro\/it\/?page_id=6"},"modified":"2024-08-30T11:12:32","modified_gmt":"2024-08-30T11:12:32","slug":"home","status":"publish","type":"page","link":"https:\/\/avocatul-meu.ro\/it\/","title":{"rendered":"Home"},"content":{"rendered":"<h2 style=\"text-align: center;\" data-lineheight=\"27\" data-fontsize=\"18\">Avvocati in Timisoara, associati con dottori commercialisti<\/h2>\n<h3 style=\"text-align: justify;\" data-lineheight=\"24\" data-fontsize=\"16\">Una squadra di 21 professionisti \u2013 avvocati e dottori commercialisti<\/h3>\n<p style=\"text-align: justify;\">Lo studio di assistenza legale e perizia contabile <strong>Alexandru, Andreas si Asociatii<\/strong> \u00e8 costituito da una squadra di professionisti composta di avvocati, esperti contabili e consulenti finanziari associati. Siamo riuniti per lo scopo di fornire i migliori servizi legali e fiscali verso i pi\u00f9 interessanti, sofisticati ed esigenti clienti di business. Questa visione \u00e8 rimasta integra. Una misura del nostro successo \u00e8 anche il nostro portafoglio clienti che comprende molte delle imprese multinazionali o locali di maggior successo.<\/p>\n<p style=\"text-align: justify;\">Siamo presenti sul mercato romeno di business da oltre di 17 anni, dal 1998, e abbiamo una vasta esperienza abbinabile ad una forte formazione professionale. I nostri specialisti hanno pi\u00f9 di 350 anni di esperienza. Facciamo tutto per il cliente, fornendo una partecipazione attiva di 150% e i clienti ritornano sempre da noi. La seriet\u00e0, la professionalit\u00e0 e i servizi di prima classe ci hanno consentito di mantenere relazioni a lunga durata con i nostri clienti. Abbiamo molte sottoscrizioni che durano ininterrottamente da 10-15 anni e questa cosa dice di pi\u00f9 su di noi.<\/p>\n<p style=\"text-align: justify;\">Abbiamo una visione pragmatica e orientata ad ottenere <strong>risultati<\/strong> per i nostri clienti. Abbiamo costruito una buona reputazione dicendo al cliente <strong>quello che deve sapere, non quello che vuole sentire!<\/strong><\/p>\n<p style=\"text-align: justify;\">Come impresa, apprezziamo il talento, la partecipazione attiva, la creativit\u00e0 e lo spirito di squadra.<\/p>\n<p style=\"text-align: justify;\"><strong>Alexandru, Andreas si Asociatii<\/strong> \u00e8 emersa con l\u2019avvio di una divisione contabile e fiscale \u2013 \u201cAndreas &amp; Asociatii\u201d \u2013 da parte dello studio legale ALEXANDRU Catalin Pusa &amp; Asociatii, aggiungendo cos\u00ec all\u2019esperienza, alle risorse e alla reputazione degli avvocati \u2013 il talento e le ottime conoscenze degli esperti contabili e fiscali. Quindi, abbiamo risposto alle necessit\u00e0 dei nostri clienti fornendoli degli ottimi servizi tramite i migliori avvocati, esperti contabili e consulenti fiscali riuniti in una squadra di professionisti di prima classe.<\/p>\n<p style=\"text-align: justify;\">La nostra squadra di avvocati e contabili altamente qualificati funziona come un tutto unico e Le fornisce sia servizi di avvocatura di prima classe che servizi completi finanziari \u2013 contabili e fiscali, incluso perizia contabile, pianificazione e ottimizzazione fiscale, analisi finanziaria, assistenza durante i controlli delle autorit\u00e0 romene. Stai cercando un buon avvocato, un contabile abile o un consulente fiscale esperto? Sicuramente lo troverai da noi.<\/p>\n<h3 style=\"text-align: justify;\" data-lineheight=\"24\" data-fontsize=\"16\">Bene collegati alle reti internazionali.<\/h3>\n<p style=\"text-align: justify;\">La nostra attivit\u00e0 ci ha consentito di stabilire nel corso degli anni forti legami con prestigiosi studi legali e contabili di Svizzera, Italia, Germania, Inghilterra, Spagna, Francia, Cipro, gli Stati Uniti o Canada. La continua cooperazione con i nostri partner esterni ci ha consentito di approfondire le nostre conoscenze specialistiche e di fornire ai nostri clienti di business servizi di qualit\u00e0 superiore. Tutti i nostri avvocati e esperti conoscono almeno una lingua di circolazione internazionale e i nostri servizi sono spesso forniti nelle lingue inglese, italiano, francese o tedesco.<\/p>\n<h3 style=\"text-align: left;\"><img decoding=\"async\" class=\"display-after-scroll-success alignright wp-image-583 size-full\" src=\"https:\/\/avocatul-meu.ro\/it\/wp-content\/uploads\/2015\/10\/85_final.png\" alt=\"85_final\" width=\"200\" height=\"111\" \/>Noi sappiamo vincere !<\/h3>\n<p style=\"text-align: justify;\">In ogni processo c\u2019\u00e8 qualcuno che vince e qualcun altro che perde. Noi trattiamo ogni lite come se fosse il nostro unico processo.\u00a0 Ogni\u00a0 pratica \u00e8 preparata minuziosamente , utilizzando metodi innovativi per la preparazione della causa, incluso una simulazione dei processi. Utilizzando squadre multidisciplinare di avvocati con esperienza, otteniamo risultati eccellenti\u00a0 nelle liti. <strong>Quando rappresentiamo i reclamanti nei processi vinciamo nell\u2019oltre 85 % dei casi<\/strong>. Non solo sappiamo come vincere per\u00f2, abbiamo anche il talento e la determinazione per farlo!<\/p>\n<h3 style=\"text-align: justify;\" data-lineheight=\"24\" data-fontsize=\"16\">I nostri vantaggi<\/h3>\n<p style=\"text-align: justify;\"><strong>La specializzazione multipla<\/strong> \u2013 avvocati, esperti contabili e consulenti fiscali \u2013 ci offre un <strong>maggiore vantaggio<\/strong> di fronte alla concorrenza. Se cercate un avvocato, esperto contabile, consulente fiscale oppure una squadra complessa formata da pi\u00f9 avvocati, esperti contabili e consulenti fiscali, noi siamo la soluzione ai suoi problemi. Molti dei nostri clienti ci chiamano \u201cil nostro dipartimento legale\u201d.<\/p>\n<p style=\"text-align: justify;\">Siamo <strong>abbastanza grandi<\/strong> \u2013 abbiamo specialisti e le risorse necessarie per rispondere in maniera rapida e efficiente alle richieste dei nostri clienti, non importa quanto complesse o difficili siano. Per i progetti pi\u00f9 grandi riuniamo immediatamente 10-15 o 20 professionisti. E\u2019 sempre pi\u00f9 efficiente incaricare una sola squadra molti-professionale che incaricare 2 o 3 imprese diverse per lo stesso progetto.<\/p>\n<p style=\"text-align: justify;\">Attribuiamo un valore superiore alla riservatezza e <strong>sicurezza dei dati e dei nostri uffici<\/strong>. Usiamo una tecnologia allo stato dell\u2019arte per la protezione dei dati elettronici \u2013 cifratura dei dati con chiavi di 2048 bit \u2013 una cifratura dieci volte pi\u00f9 forte che quella usata in modo normale dagli istituti bancari per il servizio d\u2019internet banking con chiavi di 128 bit.<\/p>\n<p style=\"text-align: justify;\">I nostri mail hanno firme digitali di sicurezza che consentono al cliente di verificare l\u2019autenticit\u00e0 e integrit\u00e0 del messaggio \u2013 se una mail viene davvero dai suoi avvocati o \u00e8 stata intercettata\/modificata sulla rotta. Possiamo cifrare anche le mail, su richiesta.<\/p>\n<p style=\"text-align: justify;\">Abbiamo i propri server nell\u2019ufficio, non in cloud, e solo noi abbiamo accesso ad esse.<\/p>\n<p style=\"text-align: justify;\">L\u2019accesso nell\u2019ufficio \u00e8 protetto da moderni sistemi d\u2019allarme, a sensori biometrici, incluso <strong>la scansione 3D del viso con il raggio laser<\/strong> e lettori d\u2019impronta digitale. Prendiamo sul serio la sicurezza.<\/p>\n<h3 style=\"text-align: justify;\" data-lineheight=\"24\" data-fontsize=\"16\">Copertura geografica.<\/h3>\n<p style=\"text-align: justify;\">Nel corso degli anni, la squadra di avvocati e contabili dello Studio Legale Alexandru, Andreas &amp; Asocia?ii si \u00e8 sviluppata e nel presente i nostri servizi coprano le seguenti citt\u00e0: Timi?oara, Arad, Deva, Resi?a , Oradea. Possiamo rappresentare i nostri clienti sull\u2019intero territorio della Romania, sia direttamente che tramite la nostra rete di avvocati collaboratori dalle grande citt\u00e0.<\/p>\n<p style=\"text-align: justify;\">Per informazioni supplementari riguardante i nostri avvocati, esperti contabili o consulenti fiscali professionisti che cooperano per offrirle degli ottimi servizi giuridici, legali, fiscali o contabili pu\u00f2 visitare il sito web della nostra squadra.<\/p>\n<p style=\"text-align: justify;\">Vuoi sapere di pi\u00f9 su di noi? Chiedici. Siamo un\u2019impresa amichevole. Chiamaci, scrivici una mail o visitaci.<\/p>\n","protected":false},"excerpt":{"rendered":"<p>Avvocati in Timisoara, associati con dottori commercialisti<br \/>\nUna squadra di 21 professionisti \u2013 avvocati e dottori commercialisti<\/p>\n<p style=\"text-align: justify;\">Lo studio di assistenza legale e perizia contabile <strong>Alexandru, Andreas si Asociatii<\/strong> \u00e8 costituito da una squadra di professionisti composta di avvocati, esperti contabili e consulenti finanziari associati. Siamo riuniti per lo scopo di fornire i migliori servizi legali e fiscali verso i pi\u00f9 interessanti, <a href=\"https:\/\/avocatul-meu.ro\/it\/\">[&#8230;]<\/a><\/p>\n","protected":false},"author":1,"featured_media":0,"parent":0,"menu_order":0,"comment_status":"closed","ping_status":"closed","template":"page-templates\/home-page.php","meta":{"_acf_changed":false,"footnotes":""},"class_list":["post-6","page","type-page","status-publish","hentry"],"acf":[],"yoast_head":"<!-- This site is optimized with the Yoast SEO plugin v26.2 - https:\/\/yoast.com\/wordpress\/plugins\/seo\/ -->\n<title>avvocato italiano in Timisoara | Studio Legale e Contabilita Timisoara | Dottori commercialisti Timisoara Romania<\/title>\n<meta name=\"description\" content=\"avvocato italiano in Timisoara Romania | avvocati italiani in Timisoara Romania | dottori commercialisti in Timisoara Romania | studio legale tributario Timisoara Romania | servizi contabilit\u00e0 Timisoara | avvocati buoni in Romania Timisoara | Gabinetto avvocato Timisoara Romania | avvocati Timisoara Arad Resita Oradea | Studio Contabilit\u00e0 Italiano | dottore commercialista italiano Romania Timisoara\" \/>\n<meta name=\"robots\" content=\"index, follow, max-snippet:-1, max-image-preview:large, max-video-preview:-1\" \/>\n<link rel=\"canonical\" href=\"https:\/\/avocatul-meu.ro\/it\/\" \/>\n<meta property=\"og:locale\" content=\"ro_RO\" \/>\n<meta property=\"og:type\" content=\"article\" \/>\n<meta property=\"og:title\" content=\"avvocato italiano in Timisoara | Studio Legale e Contabilita Timisoara | Dottori commercialisti Timisoara Romania\" \/>\n<meta property=\"og:description\" content=\"avvocato italiano in Timisoara Romania | avvocati italiani in Timisoara Romania | dottori commercialisti in Timisoara Romania | studio legale tributario Timisoara Romania | servizi contabilit\u00e0 Timisoara | avvocati buoni in Romania Timisoara | Gabinetto avvocato Timisoara Romania | avvocati Timisoara Arad Resita Oradea | Studio Contabilit\u00e0 Italiano | dottore commercialista italiano Romania Timisoara\" \/>\n<meta property=\"og:url\" content=\"https:\/\/avocatul-meu.ro\/it\/\" \/>\n<meta property=\"og:site_name\" content=\"avocat Timisoara\" \/>\n<meta property=\"article:modified_time\" content=\"2024-08-30T11:12:32+00:00\" \/>\n<meta property=\"og:image\" content=\"https:\/\/avocatul-meu.ro\/it\/wp-content\/uploads\/2015\/10\/85_final.png\" \/>\n<meta name=\"twitter:card\" content=\"summary_large_image\" \/>\n<meta name=\"twitter:label1\" content=\"Timp estimat pentru citire\" \/>\n\t<meta name=\"twitter:data1\" content=\"6 minute\" \/>\n<script type=\"application\/ld+json\" class=\"yoast-schema-graph\">{\"@context\":\"https:\/\/schema.org\",\"@graph\":[{\"@type\":\"WebPage\",\"@id\":\"https:\/\/avocatul-meu.ro\/it\/\",\"url\":\"https:\/\/avocatul-meu.ro\/it\/\",\"name\":\"avvocato italiano in Timisoara | Studio Legale e Contabilita Timisoara | Dottori commercialisti Timisoara Romania\",\"isPartOf\":{\"@id\":\"https:\/\/avocatul-meu.ro\/it\/#website\"},\"primaryImageOfPage\":{\"@id\":\"https:\/\/avocatul-meu.ro\/it\/#primaryimage\"},\"image\":{\"@id\":\"https:\/\/avocatul-meu.ro\/it\/#primaryimage\"},\"thumbnailUrl\":\"https:\/\/avocatul-meu.ro\/it\/wp-content\/uploads\/2015\/10\/85_final.png\",\"datePublished\":\"2015-10-21T21:34:03+00:00\",\"dateModified\":\"2024-08-30T11:12:32+00:00\",\"description\":\"avvocato italiano in Timisoara Romania | avvocati italiani in Timisoara Romania | dottori commercialisti in Timisoara Romania | studio legale tributario Timisoara Romania | servizi contabilit\u00e0 Timisoara | avvocati buoni in Romania Timisoara | Gabinetto avvocato Timisoara Romania | avvocati Timisoara Arad Resita Oradea | Studio Contabilit\u00e0 Italiano | dottore commercialista italiano Romania Timisoara\",\"breadcrumb\":{\"@id\":\"https:\/\/avocatul-meu.ro\/it\/#breadcrumb\"},\"inLanguage\":\"ro-RO\",\"potentialAction\":[{\"@type\":\"ReadAction\",\"target\":[\"https:\/\/avocatul-meu.ro\/it\/\"]}]},{\"@type\":\"ImageObject\",\"inLanguage\":\"ro-RO\",\"@id\":\"https:\/\/avocatul-meu.ro\/it\/#primaryimage\",\"url\":\"https:\/\/avocatul-meu.ro\/it\/wp-content\/uploads\/2015\/10\/85_final.png\",\"contentUrl\":\"https:\/\/avocatul-meu.ro\/it\/wp-content\/uploads\/2015\/10\/85_final.png\",\"width\":200,\"height\":111},{\"@type\":\"BreadcrumbList\",\"@id\":\"https:\/\/avocatul-meu.ro\/it\/#breadcrumb\",\"itemListElement\":[{\"@type\":\"ListItem\",\"position\":1,\"name\":\"Home\",\"item\":\"https:\/\/avocatul-meu.ro\/it\/\"},{\"@type\":\"ListItem\",\"position\":2,\"name\":\"Home\"}]},{\"@type\":\"WebSite\",\"@id\":\"https:\/\/avocatul-meu.ro\/it\/#website\",\"url\":\"https:\/\/avocatul-meu.ro\/it\/\",\"name\":\"avocat Timisoara\",\"description\":\"Avocati BUNI Timisoara\",\"potentialAction\":[{\"@type\":\"SearchAction\",\"target\":{\"@type\":\"EntryPoint\",\"urlTemplate\":\"https:\/\/avocatul-meu.ro\/it\/?s={search_term_string}\"},\"query-input\":{\"@type\":\"PropertyValueSpecification\",\"valueRequired\":true,\"valueName\":\"search_term_string\"}}],\"inLanguage\":\"ro-RO\"}]}<\/script>\n<!-- \/ Yoast SEO plugin. -->","yoast_head_json":{"title":"avvocato italiano in Timisoara | Studio Legale e Contabilita Timisoara | Dottori commercialisti Timisoara Romania","description":"avvocato italiano in Timisoara Romania | avvocati italiani in Timisoara Romania | dottori commercialisti in Timisoara Romania | studio legale tributario Timisoara Romania | servizi contabilit\u00e0 Timisoara | avvocati buoni in Romania Timisoara | Gabinetto avvocato Timisoara Romania | avvocati Timisoara Arad Resita Oradea | Studio Contabilit\u00e0 Italiano | dottore commercialista italiano Romania Timisoara","robots":{"index":"index","follow":"follow","max-snippet":"max-snippet:-1","max-image-preview":"max-image-preview:large","max-video-preview":"max-video-preview:-1"},"canonical":"https:\/\/avocatul-meu.ro\/it\/","og_locale":"ro_RO","og_type":"article","og_title":"avvocato italiano in Timisoara | Studio Legale e Contabilita Timisoara | Dottori commercialisti Timisoara Romania","og_description":"avvocato italiano in Timisoara Romania | avvocati italiani in Timisoara Romania | dottori commercialisti in Timisoara Romania | studio legale tributario Timisoara Romania | servizi contabilit\u00e0 Timisoara | avvocati buoni in Romania Timisoara | Gabinetto avvocato Timisoara Romania | avvocati Timisoara Arad Resita Oradea | Studio Contabilit\u00e0 Italiano | dottore commercialista italiano Romania Timisoara","og_url":"https:\/\/avocatul-meu.ro\/it\/","og_site_name":"avocat Timisoara","article_modified_time":"2024-08-30T11:12:32+00:00","og_image":[{"url":"https:\/\/avocatul-meu.ro\/it\/wp-content\/uploads\/2015\/10\/85_final.png","type":"","width":"","height":""}],"twitter_card":"summary_large_image","twitter_misc":{"Timp estimat pentru citire":"6 minute"},"schema":{"@context":"https:\/\/schema.org","@graph":[{"@type":"WebPage","@id":"https:\/\/avocatul-meu.ro\/it\/","url":"https:\/\/avocatul-meu.ro\/it\/","name":"avvocato italiano in Timisoara | Studio Legale e Contabilita Timisoara | Dottori commercialisti Timisoara Romania","isPartOf":{"@id":"https:\/\/avocatul-meu.ro\/it\/#website"},"primaryImageOfPage":{"@id":"https:\/\/avocatul-meu.ro\/it\/#primaryimage"},"image":{"@id":"https:\/\/avocatul-meu.ro\/it\/#primaryimage"},"thumbnailUrl":"https:\/\/avocatul-meu.ro\/it\/wp-content\/uploads\/2015\/10\/85_final.png","datePublished":"2015-10-21T21:34:03+00:00","dateModified":"2024-08-30T11:12:32+00:00","description":"avvocato italiano in Timisoara Romania | avvocati italiani in Timisoara Romania | dottori commercialisti in Timisoara Romania | studio legale tributario Timisoara Romania | servizi contabilit\u00e0 Timisoara | avvocati buoni in Romania Timisoara | Gabinetto avvocato Timisoara Romania | avvocati Timisoara Arad Resita Oradea | Studio Contabilit\u00e0 Italiano | dottore commercialista italiano Romania Timisoara","breadcrumb":{"@id":"https:\/\/avocatul-meu.ro\/it\/#breadcrumb"},"inLanguage":"ro-RO","potentialAction":[{"@type":"ReadAction","target":["https:\/\/avocatul-meu.ro\/it\/"]}]},{"@type":"ImageObject","inLanguage":"ro-RO","@id":"https:\/\/avocatul-meu.ro\/it\/#primaryimage","url":"https:\/\/avocatul-meu.ro\/it\/wp-content\/uploads\/2015\/10\/85_final.png","contentUrl":"https:\/\/avocatul-meu.ro\/it\/wp-content\/uploads\/2015\/10\/85_final.png","width":200,"height":111},{"@type":"BreadcrumbList","@id":"https:\/\/avocatul-meu.ro\/it\/#breadcrumb","itemListElement":[{"@type":"ListItem","position":1,"name":"Home","item":"https:\/\/avocatul-meu.ro\/it\/"},{"@type":"ListItem","position":2,"name":"Home"}]},{"@type":"WebSite","@id":"https:\/\/avocatul-meu.ro\/it\/#website","url":"https:\/\/avocatul-meu.ro\/it\/","name":"avocat Timisoara","description":"Avocati BUNI Timisoara","potentialAction":[{"@type":"SearchAction","target":{"@type":"EntryPoint","urlTemplate":"https:\/\/avocatul-meu.ro\/it\/?s={search_term_string}"},"query-input":{"@type":"PropertyValueSpecification","valueRequired":true,"valueName":"search_term_string"}}],"inLanguage":"ro-RO"}]}},"_links":{"self":[{"href":"https:\/\/avocatul-meu.ro\/it\/wp-json\/wp\/v2\/pages\/6","targetHints":{"allow":["GET"]}}],"collection":[{"href":"https:\/\/avocatul-meu.ro\/it\/wp-json\/wp\/v2\/pages"}],"about":[{"href":"https:\/\/avocatul-meu.ro\/it\/wp-json\/wp\/v2\/types\/page"}],"author":[{"embeddable":true,"href":"https:\/\/avocatul-meu.ro\/it\/wp-json\/wp\/v2\/users\/1"}],"replies":[{"embeddable":true,"href":"https:\/\/avocatul-meu.ro\/it\/wp-json\/wp\/v2\/comments?post=6"}],"version-history":[{"count":68,"href":"https:\/\/avocatul-meu.ro\/it\/wp-json\/wp\/v2\/pages\/6\/revisions"}],"predecessor-version":[{"id":699,"href":"https:\/\/avocatul-meu.ro\/it\/wp-json\/wp\/v2\/pages\/6\/revisions\/699"}],"wp:attachment":[{"href":"https:\/\/avocatul-meu.ro\/it\/wp-json\/wp\/v2\/media?parent=6"}],"curies":[{"name":"wp","href":"https:\/\/api.w.org\/{rel}","templated":true}]}}