{"id":86,"date":"2015-11-09T20:42:47","date_gmt":"2015-11-09T20:42:47","guid":{"rendered":"https:\/\/avocatul-meu.ro\/rs\/?page_id=86"},"modified":"2025-10-08T03:26:19","modified_gmt":"2025-10-08T01:26:19","slug":"klijenti","status":"publish","type":"page","link":"https:\/\/avocatul-meu.ro\/rs\/klijenti\/","title":{"rendered":"KLIJENTI"},"content":{"rendered":"<p>Dole se nalazi mali deo na\u0161ih klijenata.<\/p>\n<p>Me\u0111u na\u0161im klijentima je preko 1500 kompanija i veliki broj fizi\u010dnih lica.<\/p>\n<p>Zahvaljujemo se svim na\u0161im klijentima na poverenju koje su nam ukazali !<\/p>\n","protected":false},"excerpt":{"rendered":"<p>Dole se nalazi mali deo na\u0161ih klijenata.<\/p>\n<p>Me\u0111u na\u0161im klijentima je preko 1500 kompanija i veliki broj fizi\u010dnih lica.<\/p>\n<p>Zahvaljujemo se svim na\u0161im klijentima na poverenju koje su nam ukazali ! <a href=\"https:\/\/avocatul-meu.ro\/rs\/klijenti\/\">[&#8230;]<\/a><\/p>\n","protected":false},"author":1,"featured_media":87,"parent":0,"menu_order":0,"comment_status":"closed","ping_status":"closed","template":"page-templates\/clients-page.php","meta":{"_acf_changed":false,"footnotes":""},"class_list":["post-86","page","type-page","status-publish","has-post-thumbnail","hentry"],"acf":[],"yoast_head":"<!-- This site is optimized with the Yoast SEO plugin v26.2 - https:\/\/yoast.com\/wordpress\/plugins\/seo\/ -->\n<title>KLIJENTI - avocat Timisoara<\/title>\n<meta name=\"robots\" content=\"index, follow, max-snippet:-1, max-image-preview:large, max-video-preview:-1\" \/>\n<link rel=\"canonical\" href=\"https:\/\/avocatul-meu.ro\/rs\/klijenti\/\" \/>\n<meta property=\"og:locale\" content=\"ro_RO\" \/>\n<meta property=\"og:type\" content=\"article\" \/>\n<meta property=\"og:title\" content=\"KLIJENTI - avocat Timisoara\" \/>\n<meta property=\"og:description\" content=\"Dole se nalazi mali deo na\u0161ih klijenata. Me\u0111u na\u0161im klijentima je preko 1500 kompanija i veliki broj fizi\u010dnih lica. Zahvaljujemo se svim na\u0161im klijentima na poverenju koje su nam ukazali ! [...]\" \/>\n<meta property=\"og:url\" content=\"https:\/\/avocatul-meu.ro\/rs\/klijenti\/\" \/>\n<meta property=\"og:site_name\" content=\"avocat Timisoara\" \/>\n<meta property=\"article:modified_time\" content=\"2025-10-08T01:26:19+00:00\" \/>\n<meta property=\"og:image\" content=\"https:\/\/avocatul-meu.ro\/rs\/wp-content\/uploads\/2015\/11\/client-featured-image.jpg\" \/>\n\t<meta property=\"og:image:width\" content=\"1600\" \/>\n\t<meta property=\"og:image:height\" content=\"284\" \/>\n\t<meta property=\"og:image:type\" content=\"image\/jpeg\" \/>\n<meta name=\"twitter:card\" content=\"summary_large_image\" \/>\n<meta name=\"twitter:label1\" content=\"Timp estimat pentru citire\" \/>\n\t<meta name=\"twitter:data1\" content=\"1 minut\" \/>\n<script type=\"application\/ld+json\" class=\"yoast-schema-graph\">{\"@context\":\"https:\/\/schema.org\",\"@graph\":[{\"@type\":\"WebPage\",\"@id\":\"https:\/\/avocatul-meu.ro\/rs\/klijenti\/\",\"url\":\"https:\/\/avocatul-meu.ro\/rs\/klijenti\/\",\"name\":\"KLIJENTI - avocat Timisoara\",\"isPartOf\":{\"@id\":\"https:\/\/avocatul-meu.ro\/rs\/#website\"},\"primaryImageOfPage\":{\"@id\":\"https:\/\/avocatul-meu.ro\/rs\/klijenti\/#primaryimage\"},\"image\":{\"@id\":\"https:\/\/avocatul-meu.ro\/rs\/klijenti\/#primaryimage\"},\"thumbnailUrl\":\"https:\/\/avocatul-meu.ro\/rs\/wp-content\/uploads\/2015\/11\/client-featured-image.jpg\",\"datePublished\":\"2015-11-09T20:42:47+00:00\",\"dateModified\":\"2025-10-08T01:26:19+00:00\",\"breadcrumb\":{\"@id\":\"https:\/\/avocatul-meu.ro\/rs\/klijenti\/#breadcrumb\"},\"inLanguage\":\"ro-RO\",\"potentialAction\":[{\"@type\":\"ReadAction\",\"target\":[\"https:\/\/avocatul-meu.ro\/rs\/klijenti\/\"]}]},{\"@type\":\"ImageObject\",\"inLanguage\":\"ro-RO\",\"@id\":\"https:\/\/avocatul-meu.ro\/rs\/klijenti\/#primaryimage\",\"url\":\"https:\/\/avocatul-meu.ro\/rs\/wp-content\/uploads\/2015\/11\/client-featured-image.jpg\",\"contentUrl\":\"https:\/\/avocatul-meu.ro\/rs\/wp-content\/uploads\/2015\/11\/client-featured-image.jpg\",\"width\":1600,\"height\":284},{\"@type\":\"BreadcrumbList\",\"@id\":\"https:\/\/avocatul-meu.ro\/rs\/klijenti\/#breadcrumb\",\"itemListElement\":[{\"@type\":\"ListItem\",\"position\":1,\"name\":\"Home\",\"item\":\"https:\/\/avocatul-meu.ro\/rs\/\"},{\"@type\":\"ListItem\",\"position\":2,\"name\":\"KLIJENTI\"}]},{\"@type\":\"WebSite\",\"@id\":\"https:\/\/avocatul-meu.ro\/rs\/#website\",\"url\":\"https:\/\/avocatul-meu.ro\/rs\/\",\"name\":\"avocat Timisoara\",\"description\":\"Avocati buni in Timisoara !\",\"potentialAction\":[{\"@type\":\"SearchAction\",\"target\":{\"@type\":\"EntryPoint\",\"urlTemplate\":\"https:\/\/avocatul-meu.ro\/rs\/?s={search_term_string}\"},\"query-input\":{\"@type\":\"PropertyValueSpecification\",\"valueRequired\":true,\"valueName\":\"search_term_string\"}}],\"inLanguage\":\"ro-RO\"}]}<\/script>\n<!-- \/ Yoast SEO plugin. -->","yoast_head_json":{"title":"KLIJENTI - avocat Timisoara","robots":{"index":"index","follow":"follow","max-snippet":"max-snippet:-1","max-image-preview":"max-image-preview:large","max-video-preview":"max-video-preview:-1"},"canonical":"https:\/\/avocatul-meu.ro\/rs\/klijenti\/","og_locale":"ro_RO","og_type":"article","og_title":"KLIJENTI - avocat Timisoara","og_description":"Dole se nalazi mali deo na\u0161ih klijenata. Me\u0111u na\u0161im klijentima je preko 1500 kompanija i veliki broj fizi\u010dnih lica. Zahvaljujemo se svim na\u0161im klijentima na poverenju koje su nam ukazali ! [...]","og_url":"https:\/\/avocatul-meu.ro\/rs\/klijenti\/","og_site_name":"avocat Timisoara","article_modified_time":"2025-10-08T01:26:19+00:00","og_image":[{"width":1600,"height":284,"url":"https:\/\/avocatul-meu.ro\/rs\/wp-content\/uploads\/2015\/11\/client-featured-image.jpg","type":"image\/jpeg"}],"twitter_card":"summary_large_image","twitter_misc":{"Timp estimat pentru citire":"1 minut"},"schema":{"@context":"https:\/\/schema.org","@graph":[{"@type":"WebPage","@id":"https:\/\/avocatul-meu.ro\/rs\/klijenti\/","url":"https:\/\/avocatul-meu.ro\/rs\/klijenti\/","name":"KLIJENTI - avocat Timisoara","isPartOf":{"@id":"https:\/\/avocatul-meu.ro\/rs\/#website"},"primaryImageOfPage":{"@id":"https:\/\/avocatul-meu.ro\/rs\/klijenti\/#primaryimage"},"image":{"@id":"https:\/\/avocatul-meu.ro\/rs\/klijenti\/#primaryimage"},"thumbnailUrl":"https:\/\/avocatul-meu.ro\/rs\/wp-content\/uploads\/2015\/11\/client-featured-image.jpg","datePublished":"2015-11-09T20:42:47+00:00","dateModified":"2025-10-08T01:26:19+00:00","breadcrumb":{"@id":"https:\/\/avocatul-meu.ro\/rs\/klijenti\/#breadcrumb"},"inLanguage":"ro-RO","potentialAction":[{"@type":"ReadAction","target":["https:\/\/avocatul-meu.ro\/rs\/klijenti\/"]}]},{"@type":"ImageObject","inLanguage":"ro-RO","@id":"https:\/\/avocatul-meu.ro\/rs\/klijenti\/#primaryimage","url":"https:\/\/avocatul-meu.ro\/rs\/wp-content\/uploads\/2015\/11\/client-featured-image.jpg","contentUrl":"https:\/\/avocatul-meu.ro\/rs\/wp-content\/uploads\/2015\/11\/client-featured-image.jpg","width":1600,"height":284},{"@type":"BreadcrumbList","@id":"https:\/\/avocatul-meu.ro\/rs\/klijenti\/#breadcrumb","itemListElement":[{"@type":"ListItem","position":1,"name":"Home","item":"https:\/\/avocatul-meu.ro\/rs\/"},{"@type":"ListItem","position":2,"name":"KLIJENTI"}]},{"@type":"WebSite","@id":"https:\/\/avocatul-meu.ro\/rs\/#website","url":"https:\/\/avocatul-meu.ro\/rs\/","name":"avocat Timisoara","description":"Avocati buni in Timisoara !","potentialAction":[{"@type":"SearchAction","target":{"@type":"EntryPoint","urlTemplate":"https:\/\/avocatul-meu.ro\/rs\/?s={search_term_string}"},"query-input":{"@type":"PropertyValueSpecification","valueRequired":true,"valueName":"search_term_string"}}],"inLanguage":"ro-RO"}]}},"_links":{"self":[{"href":"https:\/\/avocatul-meu.ro\/rs\/wp-json\/wp\/v2\/pages\/86","targetHints":{"allow":["GET"]}}],"collection":[{"href":"https:\/\/avocatul-meu.ro\/rs\/wp-json\/wp\/v2\/pages"}],"about":[{"href":"https:\/\/avocatul-meu.ro\/rs\/wp-json\/wp\/v2\/types\/page"}],"author":[{"embeddable":true,"href":"https:\/\/avocatul-meu.ro\/rs\/wp-json\/wp\/v2\/users\/1"}],"replies":[{"embeddable":true,"href":"https:\/\/avocatul-meu.ro\/rs\/wp-json\/wp\/v2\/comments?post=86"}],"version-history":[{"count":10,"href":"https:\/\/avocatul-meu.ro\/rs\/wp-json\/wp\/v2\/pages\/86\/revisions"}],"predecessor-version":[{"id":992,"href":"https:\/\/avocatul-meu.ro\/rs\/wp-json\/wp\/v2\/pages\/86\/revisions\/992"}],"wp:featuredmedia":[{"embeddable":true,"href":"https:\/\/avocatul-meu.ro\/rs\/wp-json\/wp\/v2\/media\/87"}],"wp:attachment":[{"href":"https:\/\/avocatul-meu.ro\/rs\/wp-json\/wp\/v2\/media?parent=86"}],"curies":[{"name":"wp","href":"https:\/\/api.w.org\/{rel}","templated":true}]}}